{"id":17,"date":"2013-03-27T14:44:34","date_gmt":"2013-03-27T17:44:34","guid":{"rendered":"http:\/\/www.ifbaiano.edu.br\/comissoes\/etica\/?page_id=17"},"modified":"2013-03-27T14:44:34","modified_gmt":"2013-03-27T17:44:34","slug":"portarias","status":"publish","type":"page","link":"https:\/\/comissoes.ifbaiano.edu.br\/portal\/etica\/portarias\/","title":{"rendered":"Portarias"},"content":{"rendered":"<p>&nbsp;<\/p>\n<p><a title=\"http:\/\/www.ifbaiano.edu.br\/portal\/wp-content\/uploads\/2012\/02\/portaria-74-retificada.PDF\" href=\"http:\/\/www.ifbaiano.edu.br\/portal\/wp-content\/uploads\/2012\/02\/portaria-74-retificada.PDF\" target=\"_blank\">Portaria n\u00ba 74, de 25 de janeiro de 2012<\/a> \u2013 nomea\u00e7\u00e3o dos membros<\/p>\n<p><a href=\"http:\/\/www.ifbaiano.edu.br\/reitoria\/?attachment_id=14475\" rel=\"attachment wp-att-14475\">Portaria n\u00ba 809, de 12 de setembro de 2012 <\/a>&#8211; altera\u00e7\u00e3o da composi\u00e7\u00e3o<\/p>\n<p><a href=\"http:\/\/www.ifbaiano.edu.br\/reitoria\/wp-content\/uploads\/2013\/03\/1206.pdf\">Portaria n\u00ba 1206, de 05 de dezembro de 2012<\/a> \u2013 altera\u00e7\u00e3o da composi\u00e7\u00e3o<\/p>\n<p><a href=\"http:\/\/www.ifbaiano.edu.br\/reitoria\/wp-content\/uploads\/2013\/03\/145.pdf\">Portaria n\u00ba 145, de 19 de fevereiro de 2013 <\/a>&#8211; recondu\u00e7\u00e3o da presidente<\/p>\n<p><a href=\"http:\/\/www.ifbaiano.edu.br\/reitoria\/wp-content\/uploads\/2013\/03\/146.pdf\">Portaria n\u00ba 145, de 19 de fevereiro de 2013<\/a> \u2013 altera\u00e7\u00e3o da composi\u00e7\u00e3o<\/p>\n","protected":false},"excerpt":{"rendered":"<p>&nbsp; Portaria n\u00ba 74, de 25 de janeiro de 2012 \u2013 nomea\u00e7\u00e3o dos membros Portaria n\u00ba 809, de 12 de setembro de 2012 &#8211; altera\u00e7\u00e3o da composi\u00e7\u00e3o Portaria n\u00ba 1206, de 05 de dezembro de 2012 \u2013 altera\u00e7\u00e3o da composi\u00e7\u00e3o Portaria n\u00ba 145, de 19 de fevereiro de 2013 &#8211; recondu\u00e7\u00e3o da presidente Portaria n\u00ba [&hellip;]<\/p>\n","protected":false},"author":2,"featured_media":0,"parent":0,"menu_order":0,"comment_status":"open","ping_status":"open","template":"","meta":[],"_links":{"self":[{"href":"https:\/\/comissoes.ifbaiano.edu.br\/portal\/etica\/wp-json\/wp\/v2\/pages\/17"}],"collection":[{"href":"https:\/\/comissoes.ifbaiano.edu.br\/portal\/etica\/wp-json\/wp\/v2\/pages"}],"about":[{"href":"https:\/\/comissoes.ifbaiano.edu.br\/portal\/etica\/wp-json\/wp\/v2\/types\/page"}],"author":[{"embeddable":true,"href":"https:\/\/comissoes.ifbaiano.edu.br\/portal\/etica\/wp-json\/wp\/v2\/users\/2"}],"replies":[{"embeddable":true,"href":"https:\/\/comissoes.ifbaiano.edu.br\/portal\/etica\/wp-json\/wp\/v2\/comments?post=17"}],"version-history":[{"count":0,"href":"https:\/\/comissoes.ifbaiano.edu.br\/portal\/etica\/wp-json\/wp\/v2\/pages\/17\/revisions"}],"wp:attachment":[{"href":"https:\/\/comissoes.ifbaiano.edu.br\/portal\/etica\/wp-json\/wp\/v2\/media?parent=17"}],"curies":[{"name":"wp","href":"https:\/\/api.w.org\/{rel}","templated":true}]}}