{"id":26,"date":"2013-03-27T16:59:05","date_gmt":"2013-03-27T19:59:05","guid":{"rendered":"http:\/\/www.ifbaiano.edu.br\/comissoes\/etica\/?page_id=26"},"modified":"2013-03-27T16:59:05","modified_gmt":"2013-03-27T19:59:05","slug":"perguntas-e-respostas","status":"publish","type":"page","link":"https:\/\/comissoes.ifbaiano.edu.br\/portal\/etica\/perguntas-e-respostas\/","title":{"rendered":"Perguntas e Respostas"},"content":{"rendered":"<h2><a href=\"http:\/\/etica.planalto.gov.br\/perguntas_freq\/presente\">Presentes e brindes<\/a><\/h2>\n<p><a href=\"http:\/\/etica.planalto.gov.br\/perguntas_freq\/presente\">Leia mais\u2026<\/a><\/p>\n<div>\n<h2><\/h2>\n<h2><a href=\"http:\/\/etica.planalto.gov.br\/perguntas_freq\/eventos\">Semin\u00e1rio e outros Eventos<\/a><\/h2>\n<p><a href=\"http:\/\/etica.planalto.gov.br\/perguntas_freq\/eventos\">Leia mais\u2026<\/a><\/p>\n<\/div>\n<div>\n<h2><\/h2>\n<h2><a href=\"http:\/\/etica.planalto.gov.br\/perguntas_freq\/conflito\">Conflitos entre autoridades<\/a><\/h2>\n<p><a href=\"http:\/\/etica.planalto.gov.br\/perguntas_freq\/conflito\">Leia mais\u2026<\/a><\/p>\n<\/div>\n<div>\n<h2><\/h2>\n<h2><a href=\"http:\/\/etica.planalto.gov.br\/perguntas_freq\/proposta\">Proposta de emprego<\/a><\/h2>\n<p><a href=\"http:\/\/etica.planalto.gov.br\/perguntas_freq\/proposta\">Leia mais\u2026<\/a><\/p>\n<\/div>\n<div>\n<h2><\/h2>\n<h2><a href=\"http:\/\/etica.planalto.gov.br\/perguntas_freq\/hospedagem\">Hospedagem<\/a><\/h2>\n<p><a href=\"http:\/\/etica.planalto.gov.br\/perguntas_freq\/hospedagem\">Leia mais\u2026<\/a><\/p>\n<\/div>\n<div>\n<h2><\/h2>\n<h2><a href=\"http:\/\/etica.planalto.gov.br\/perguntas_freq\/remuneracao\">Rendimento de assessores<\/a><\/h2>\n<p><a href=\"http:\/\/etica.planalto.gov.br\/perguntas_freq\/remuneracao\">Leia mais\u2026<\/a><\/p>\n<\/div>\n<div>\n<h2><\/h2>\n<h2><a href=\"http:\/\/etica.planalto.gov.br\/perguntas_freq\/investimento\">Investimentos<\/a><\/h2>\n<p><a href=\"http:\/\/etica.planalto.gov.br\/perguntas_freq\/investimento\">Leia mais\u2026<\/a><\/p>\n<\/div>\n<div>\n<h2><\/h2>\n<h2><a href=\"http:\/\/etica.planalto.gov.br\/perguntas_freq\/quarentena\">Quarentena<\/a><\/h2>\n<p><a href=\"http:\/\/etica.planalto.gov.br\/perguntas_freq\/quarentena\">Leia mais\u2026<\/a><\/p>\n<\/div>\n<div>\n<h2><\/h2>\n<h2><a href=\"http:\/\/etica.planalto.gov.br\/perguntas_freq\/eleicoes\">Elei\u00e7\u00f5es<\/a><\/h2>\n<p><a href=\"http:\/\/etica.planalto.gov.br\/perguntas_freq\/eleicoes\">Leia mais\u2026<\/a><\/p>\n<\/div>\n<div>\n<h2><\/h2>\n<h2><a href=\"http:\/\/etica.planalto.gov.br\/perguntas_freq\/copy_of_eleicoes\">Atividades Paralelas<\/a><\/h2>\n<p><a href=\"http:\/\/etica.planalto.gov.br\/perguntas_freq\/copy_of_eleicoes\">Leia mais\u2026<\/a><\/p>\n<\/div>\n<div>\n<h2><\/h2>\n<h2><a href=\"http:\/\/etica.planalto.gov.br\/perguntas_freq\/copy2_of_eleicoes\">Uso de ve\u00edculos oficiais<\/a><\/h2>\n<p><a href=\"http:\/\/etica.planalto.gov.br\/perguntas_freq\/copy2_of_eleicoes\">Leia mais\u2026<\/a><\/p>\n<\/div>\n<div>\n<h2><\/h2>\n<h2><a href=\"http:\/\/etica.planalto.gov.br\/perguntas_freq\/copy3_of_eleicoes\">Declara\u00e7\u00e3o Confidencial de Informa\u00e7\u00f5es<\/a><\/h2>\n<p><a href=\"http:\/\/etica.planalto.gov.br\/perguntas_freq\/copy3_of_eleicoes\">Leia mais\u2026<\/a><\/p>\n<\/div>\n<div>\n<h2><\/h2>\n<h2><a href=\"http:\/\/etica.planalto.gov.br\/perguntas_freq\/copy4_of_eleicoes\">Clareza de posi\u00e7\u00f5es<\/a><\/h2>\n<p><a href=\"http:\/\/etica.planalto.gov.br\/perguntas_freq\/copy4_of_eleicoes\">Leia mais\u2026<\/a><\/p>\n<\/div>\n<div>\n<h2><\/h2>\n<h2><a href=\"http:\/\/etica.planalto.gov.br\/perguntas_freq\/copy5_of_eleicoes\">Partidos Pol\u00edticos<\/a><\/h2>\n<p><a href=\"http:\/\/etica.planalto.gov.br\/perguntas_freq\/copy5_of_eleicoes\">Leia mais\u2026<\/a><\/p>\n<\/div>\n<div>\n<h2><\/h2>\n<h2><a href=\"http:\/\/etica.planalto.gov.br\/perguntas_freq\/copy_of_nepotismo\">Nepotismo e Compadrio<\/a><\/h2>\n<p><a href=\"http:\/\/etica.planalto.gov.br\/perguntas_freq\/copy_of_nepotismo\">Leia mais\u2026<\/a><\/p>\n<\/div>\n<div>\n<h2><\/h2>\n<h2><a href=\"http:\/\/etica.planalto.gov.br\/perguntas_freq\/versaocompleta\">Vers\u00e3o Completa<\/a><\/h2>\n<p><a href=\"http:\/\/etica.planalto.gov.br\/perguntas_freq\/versaocompleta\">Leia mais\u2026<\/a><\/p>\n<\/div>\n<h2><\/h2>\n<h2><a href=\"http:\/\/etica.planalto.gov.br\/perguntas_freq\/decreto_6029\">P&amp;R-Decreto 6029<\/a><\/h2>\n<p><a href=\"http:\/\/etica.planalto.gov.br\/perguntas_freq\/decreto_6029\">Leia mais\u2026<\/a><\/p>\n","protected":false},"excerpt":{"rendered":"<p>Presentes e brindes Leia mais\u2026 Semin\u00e1rio e outros Eventos Leia mais\u2026 Conflitos entre autoridades Leia mais\u2026 Proposta de emprego Leia mais\u2026 Hospedagem Leia mais\u2026 Rendimento de assessores Leia mais\u2026 Investimentos Leia mais\u2026 Quarentena Leia mais\u2026 Elei\u00e7\u00f5es Leia mais\u2026 Atividades Paralelas Leia mais\u2026 Uso de ve\u00edculos oficiais Leia mais\u2026 Declara\u00e7\u00e3o Confidencial de Informa\u00e7\u00f5es Leia mais\u2026 Clareza [&hellip;]<\/p>\n","protected":false},"author":2,"featured_media":0,"parent":0,"menu_order":0,"comment_status":"open","ping_status":"open","template":"","meta":[],"_links":{"self":[{"href":"https:\/\/comissoes.ifbaiano.edu.br\/portal\/etica\/wp-json\/wp\/v2\/pages\/26"}],"collection":[{"href":"https:\/\/comissoes.ifbaiano.edu.br\/portal\/etica\/wp-json\/wp\/v2\/pages"}],"about":[{"href":"https:\/\/comissoes.ifbaiano.edu.br\/portal\/etica\/wp-json\/wp\/v2\/types\/page"}],"author":[{"embeddable":true,"href":"https:\/\/comissoes.ifbaiano.edu.br\/portal\/etica\/wp-json\/wp\/v2\/users\/2"}],"replies":[{"embeddable":true,"href":"https:\/\/comissoes.ifbaiano.edu.br\/portal\/etica\/wp-json\/wp\/v2\/comments?post=26"}],"version-history":[{"count":0,"href":"https:\/\/comissoes.ifbaiano.edu.br\/portal\/etica\/wp-json\/wp\/v2\/pages\/26\/revisions"}],"wp:attachment":[{"href":"https:\/\/comissoes.ifbaiano.edu.br\/portal\/etica\/wp-json\/wp\/v2\/media?parent=26"}],"curies":[{"name":"wp","href":"https:\/\/api.w.org\/{rel}","templated":true}]}}