{"id":53,"date":"2013-04-16T13:43:46","date_gmt":"2013-04-16T16:43:46","guid":{"rendered":"http:\/\/www.ifbaiano.edu.br\/comissoes\/etica\/?page_id=53"},"modified":"2013-04-16T13:43:46","modified_gmt":"2013-04-16T16:43:46","slug":"andamento-de-demandas","status":"publish","type":"page","link":"https:\/\/comissoes.ifbaiano.edu.br\/portal\/etica\/andamento-de-demandas\/","title":{"rendered":"Andamento de Demandas"},"content":{"rendered":"<p>&nbsp;<\/p>\n<h1><b>2013<\/b><\/h1>\n<p><strong>Expediente n\u00ba 001<\/strong><br \/>\n<strong>Data do recebimento:<\/strong> 01\/02\/2013<br \/>\n<strong>Situa\u00e7\u00e3o:<\/strong> aguardando ju\u00edzo de admissibilidade<\/p>\n<p><strong>Expediente n\u00ba 002<\/strong><br \/>\n<strong>Data do recebimento:<\/strong> 04\/02\/2013<br \/>\n<strong>Situa\u00e7\u00e3o:<\/strong> aguardando ju\u00edzo de admissibilidade<\/p>\n<p><strong>\u00a0Expediente n\u00ba 003<\/strong><br \/>\n<strong>Data do recebimento:<\/strong> 04\/02\/2013<br \/>\n<strong>Situa\u00e7\u00e3o:\u00a0<\/strong>aguardando ju\u00edzo de admissibilidade<\/p>\n<p><strong>Expediente n\u00ba 004<\/strong><br \/>\n<strong>Data do recebimento:<\/strong> 12\/03\/2013<br \/>\n<strong>Situa\u00e7\u00e3o:<\/strong> aguardando ju\u00edzo de admissibilidade<\/p>\n<p><strong>Expediente n\u00ba 005<\/strong><br \/>\n<strong>Data do recebimento:<\/strong> 12\/03\/2013<br \/>\n<strong>Situa\u00e7\u00e3o:<\/strong> aguardando ju\u00edzo de admissibilidade<\/p>\n<p><strong>Expediente n\u00ba 006<\/strong><br \/>\n<strong>Data do recebimento:<\/strong> 22\/04\/2013<br \/>\n<strong>Situa\u00e7\u00e3o:<\/strong> aguardando ju\u00edzo de admissibilidade<\/p>\n<p><strong>Expediente n\u00ba 007<\/strong><br \/>\n<strong>Data do recebimento:<\/strong> 25\/04\/2013<br \/>\n<strong>Situa\u00e7\u00e3o:<\/strong> aguardando ju\u00edzo de admissibilidade<\/p>\n<p>&nbsp;<\/p>\n<p>&nbsp;<\/p>\n<p><span style=\"font-family: Arial,sans-serif\"><span style=\"font-size: large\"><b><b>2012<\/b><br \/>\n<\/b><\/span><\/span><\/p>\n<p><strong>Procedimento Preliminar:<\/strong> n\u00ba 001<br \/>\nData do recebimento: 06\/03\/2012<br \/>\nSitua\u00e7\u00e3o: ACPP &#8211; Acordo de Conduta Pessoal e Profissional<\/p>\n<p><strong>Procedimento Preliminar:<\/strong> n\u00ba 002<br \/>\nData do recebimento: 27\/04\/2012<br \/>\nSitua\u00e7\u00e3o: Aconselhamento<\/p>\n<p><strong>Procedimento Preliminar:<\/strong> n\u00ba003<br \/>\nData do recebimento: 03\/05\/2012<br \/>\nSitua\u00e7\u00e3o: Acordo de Conduta Pessoal e Profissional<\/p>\n<p><strong>Procedimento Preliminar<\/strong>: n\u00ba 004<br \/>\nData do recebimento: 17\/05\/2012<br \/>\nSitua\u00e7\u00e3o: Encerramento na esfera \u00e9tica (sem recortes \u00e9ticos) &#8211; enviado para apura\u00e7\u00e3o em outras inst\u00e2ncias<\/p>\n<p><strong>Procedimento Preliminar<\/strong>: n\u00ba 005<br \/>\nData do recebimento: 18\/05\/2012<br \/>\nSitua\u00e7\u00e3o: PAE &#8211; Processo de Apura\u00e7\u00e3o \u00c9tica (recortes \u00e9ticos) e encaminhado para apura\u00e7\u00e3o em outras inst\u00e2ncias<\/p>\n<p><strong>Procedimento Preliminar<\/strong>: n\u00ba 006<br \/>\nData do recebimento: 18\/05\/2012<br \/>\nSitua\u00e7\u00e3o: Encerramento na esfera \u00e9tica (sem recortes \u00e9ticos) &#8211; enviado para apura\u00e7\u00e3o em outras inst\u00e2ncias<\/p>\n<p><strong>Procedimento Preliminar<\/strong>: n\u00ba 007<br \/>\nData do recebimento: 05\/06\/2012<br \/>\nSitua\u00e7\u00e3o: Apensado ao PP n\u00ba 003\/2012 (recortes \u00e9ticos) e encaminhado para apura\u00e7\u00e3o em outras inst\u00e2ncias<\/p>\n<p><strong>Procedimento Preliminar<\/strong>: n\u00ba 008<br \/>\nData do recebimento: 08\/09\/2012<br \/>\nSitua\u00e7\u00e3o: Sobrestamento (aguardando parecer do PAD)<\/p>\n<p><strong>Procedimento Preliminar<\/strong>: n\u00ba 009<br \/>\nData do recebimento: 13\/11\/2012<br \/>\nSitua\u00e7\u00e3o: Encerramento na esfera \u00e9tica (sem recortes \u00e9ticos) &#8211; enviado para apura\u00e7\u00e3o em outras inst\u00e2ncias<\/p>\n<p><strong>Procedimento Preliminar<\/strong>: n\u00ba 010<br \/>\nData do recebimento: 20\/11\/2012<br \/>\nSitua\u00e7\u00e3o: Em fase de apura\u00e7\u00e3o<\/p>\n<p><strong>Procedimento Preliminar<\/strong>: n\u00ba 011<br \/>\nData do recebimento: 27\/11\/2012<br \/>\nSitua\u00e7\u00e3o: Em fase de apura\u00e7\u00e3o<\/p>\n<p><strong>Procedimento Preliminar<\/strong>: n\u00ba 012<br \/>\nData do recebimento: 27\/11\/2012<br \/>\nSitua\u00e7\u00e3o: Em fase de apura\u00e7\u00e3o<\/p>\n<p><strong>Procedimento Preliminar<\/strong>: n\u00ba 013<br \/>\nData do recebimento: 28\/11\/2012<br \/>\nSitua\u00e7\u00e3o: Arquivado a pedido do denunciante<\/p>\n<p><strong>Procedimento Preliminar<\/strong>:n\u00ba 014<br \/>\nData do recebimento: 03\/12\/2012<br \/>\nSitua\u00e7\u00e3o: <strong><\/strong>Em fase de apura\u00e7\u00e3o<\/p>\n<p><strong>Procedimento Preliminar<\/strong>: n\u00ba 015<br \/>\nData do recebimento: 03\/12\/2012<br \/>\nSitua\u00e7\u00e3o: Em fase de apura\u00e7\u00e3o<\/p>\n<table border=\"0\" cellspacing=\"0\">\n<tbody>\n<tr>\n<td align=\"CENTER\" bgcolor=\"#FFFFCC\" height=\"45\"><\/td>\n<td align=\"CENTER\" bgcolor=\"#FFFFCC\"><\/td>\n<td align=\"CENTER\" bgcolor=\"#FFFFCC\"><\/td>\n<\/tr>\n<tr>\n<td align=\"CENTER\" height=\"34\"><\/td>\n<td align=\"CENTER\"><\/td>\n<td align=\"JUSTIFY\"><\/td>\n<\/tr>\n<tr>\n<td align=\"CENTER\" height=\"34\"><\/td>\n<td align=\"CENTER\"><\/td>\n<td align=\"JUSTIFY\"><\/td>\n<\/tr>\n<tr>\n<td align=\"CENTER\" height=\"34\"><\/td>\n<td align=\"CENTER\"><\/td>\n<td align=\"JUSTIFY\"><\/td>\n<\/tr>\n<tr>\n<td align=\"CENTER\" height=\"34\"><\/td>\n<td align=\"CENTER\"><\/td>\n<td align=\"JUSTIFY\"><\/td>\n<\/tr>\n<tr>\n<td align=\"CENTER\" height=\"34\"><\/td>\n<td align=\"CENTER\"><\/td>\n<td align=\"JUSTIFY\"><\/td>\n<\/tr>\n<tr>\n<td align=\"CENTER\" height=\"34\"><\/td>\n<td align=\"CENTER\"><\/td>\n<td align=\"JUSTIFY\"><\/td>\n<\/tr>\n<tr>\n<td align=\"CENTER\" height=\"34\"><\/td>\n<td align=\"CENTER\"><\/td>\n<td align=\"JUSTIFY\"><\/td>\n<\/tr>\n<tr>\n<td align=\"CENTER\" height=\"34\"><\/td>\n<td align=\"CENTER\"><\/td>\n<td align=\"JUSTIFY\"><\/td>\n<\/tr>\n<tr>\n<td align=\"CENTER\" height=\"34\"><\/td>\n<td align=\"CENTER\"><\/td>\n<td align=\"JUSTIFY\"><\/td>\n<\/tr>\n<tr>\n<td align=\"CENTER\" height=\"34\"><\/td>\n<td align=\"CENTER\"><\/td>\n<td align=\"JUSTIFY\"><\/td>\n<\/tr>\n<tr>\n<td align=\"CENTER\" height=\"34\"><\/td>\n<td align=\"CENTER\"><\/td>\n<td align=\"JUSTIFY\"><\/td>\n<\/tr>\n<tr>\n<td align=\"CENTER\" height=\"34\"><\/td>\n<td align=\"CENTER\"><\/td>\n<td align=\"JUSTIFY\"><\/td>\n<\/tr>\n<tr>\n<td align=\"CENTER\" height=\"34\"><\/td>\n<td align=\"CENTER\"><\/td>\n<td align=\"JUSTIFY\"><\/td>\n<\/tr>\n<tr>\n<td align=\"CENTER\" height=\"34\"><\/td>\n<td align=\"CENTER\"><\/td>\n<td align=\"JUSTIFY\"><\/td>\n<\/tr>\n<tr>\n<td align=\"CENTER\" height=\"34\"><\/td>\n<td align=\"CENTER\"><\/td>\n<td align=\"JUSTIFY\"><\/td>\n<\/tr>\n<\/tbody>\n<\/table>\n","protected":false},"excerpt":{"rendered":"<p>&nbsp; 2013 Expediente n\u00ba 001 Data do recebimento: 01\/02\/2013 Situa\u00e7\u00e3o: aguardando ju\u00edzo de admissibilidade Expediente n\u00ba 002 Data do recebimento: 04\/02\/2013 Situa\u00e7\u00e3o: aguardando ju\u00edzo de admissibilidade \u00a0Expediente n\u00ba 003 Data do recebimento: 04\/02\/2013 Situa\u00e7\u00e3o:\u00a0aguardando ju\u00edzo de admissibilidade Expediente n\u00ba 004 Data do recebimento: 12\/03\/2013 Situa\u00e7\u00e3o: aguardando ju\u00edzo de admissibilidade Expediente n\u00ba 005 Data do recebimento: [&hellip;]<\/p>\n","protected":false},"author":2,"featured_media":0,"parent":0,"menu_order":0,"comment_status":"open","ping_status":"open","template":"","meta":[],"_links":{"self":[{"href":"https:\/\/comissoes.ifbaiano.edu.br\/portal\/etica\/wp-json\/wp\/v2\/pages\/53"}],"collection":[{"href":"https:\/\/comissoes.ifbaiano.edu.br\/portal\/etica\/wp-json\/wp\/v2\/pages"}],"about":[{"href":"https:\/\/comissoes.ifbaiano.edu.br\/portal\/etica\/wp-json\/wp\/v2\/types\/page"}],"author":[{"embeddable":true,"href":"https:\/\/comissoes.ifbaiano.edu.br\/portal\/etica\/wp-json\/wp\/v2\/users\/2"}],"replies":[{"embeddable":true,"href":"https:\/\/comissoes.ifbaiano.edu.br\/portal\/etica\/wp-json\/wp\/v2\/comments?post=53"}],"version-history":[{"count":0,"href":"https:\/\/comissoes.ifbaiano.edu.br\/portal\/etica\/wp-json\/wp\/v2\/pages\/53\/revisions"}],"wp:attachment":[{"href":"https:\/\/comissoes.ifbaiano.edu.br\/portal\/etica\/wp-json\/wp\/v2\/media?parent=53"}],"curies":[{"name":"wp","href":"https:\/\/api.w.org\/{rel}","templated":true}]}}