{"id":7,"date":"2013-03-27T14:39:23","date_gmt":"2013-03-27T17:39:23","guid":{"rendered":"http:\/\/www.ifbaiano.edu.br\/comissoes\/etica\/?page_id=7"},"modified":"2013-03-27T14:39:23","modified_gmt":"2013-03-27T17:39:23","slug":"comissao-de-etica-do-if-baiano","status":"publish","type":"page","link":"https:\/\/comissoes.ifbaiano.edu.br\/portal\/etica\/comissao-de-etica-do-if-baiano\/","title":{"rendered":"Comiss\u00e3o de \u00c9tica do IF Baiano"},"content":{"rendered":"<div>\n<p>A Comiss\u00e3o de \u00c9tica do IF Baiano foi criada no dia 25 de janeiro de 2012 atrav\u00e9s da Portaria n\u00ba 74\/2012. O grupo \u00e9 composto por tr\u00eas titulares, tr\u00eas suplentes e uma Secret\u00e1ria-Executiva \u2013 todos servidores do Instituto, sob a presid\u00eancia da Assistente Social Zildeni Martins de Oliveira.<\/p>\n<p>Com mandato de 1 e 3 anos (conforme o cargo ocupado), a Comiss\u00e3o tem como fun\u00e7\u00e3o primordial garantir o cumprimento do C\u00f3digo de \u00c9tica Profissional do Servidor P\u00fablico Federal e do C\u00f3digo de Conduta dos Servidores.<\/p>\n<p>Para den\u00fancias, d\u00favidas e sugest\u00f5es enviar e-mail para: <span style=\"color: #0000ff\">comissaodeetica@ifbaiano.edu.br<\/span><\/p>\n<p>&nbsp;<\/p>\n<p><strong>Composi\u00e7\u00e3o:<\/strong><\/p>\n<p><strong>Composi\u00e7\u00e3o:<\/strong><\/p>\n<p><strong>Zildeni Martins de Oliveira \u2013 Presidente<br \/>\n<\/strong>Nomea\u00e7\u00e3o: 25 de janeiro de 2012<br \/>\nRecondu\u00e7\u00e3o: 26 de janeiro de 2013<br \/>\nFim do mandato: 26 de janeiro de 2014<\/p>\n<p><strong>Antonio de Oliveira Souza J\u00fanior\u00a0 \u2013 2\u00ba membro<br \/>\n<\/strong>Nomea\u00e7\u00e3o: 05 de dezembro de 2012<br \/>\nFim do mandato complementar: 25 de janeiro de 2014<\/p>\n<p><strong>Lu\u00eds Henrique Alves Gomes \u2013 3\u00ba membro<br \/>\n<\/strong>Nomea\u00e7\u00e3o: 25 de janeiro de 2012<br \/>\nFim do mandato: 25 de janeiro de 2015<\/p>\n<p>&nbsp;<\/p>\n<p>Suplentes:<\/p>\n<p>Daiane da Luz Silva<br \/>\nNomea\u00e7\u00e3o: 30 de janeiro de 2013<br \/>\nFim do mandato: 30 de janeiro de 2014<\/p>\n<p>Igor Correia Peneluc<br \/>\nNomea\u00e7\u00e3o: 25 de janeiro de 2012<br \/>\nFim do mandato: 25 de janeiro de 2014<\/p>\n<p>Ozenice Silva dos Santos<br \/>\nNomea\u00e7\u00e3o: 25 de janeiro de 2012<br \/>\nFim do mandato: 25 de janeiro de 2015<\/p>\n<p>&nbsp;<\/p>\n<p>Secret\u00e1ria-Executiva:<\/p>\n<p>Leila de Souza Lima<br \/>\nNomea\u00e7\u00e3o: 12 de setembro de 2012<\/p>\n<\/div>\n","protected":false},"excerpt":{"rendered":"<p>A Comiss\u00e3o de \u00c9tica do IF Baiano foi criada no dia 25 de janeiro de 2012 atrav\u00e9s da Portaria n\u00ba 74\/2012. O grupo \u00e9 composto por tr\u00eas titulares, tr\u00eas suplentes e uma Secret\u00e1ria-Executiva \u2013 todos servidores do Instituto, sob a presid\u00eancia da Assistente Social Zildeni Martins de Oliveira. Com mandato de 1 e 3 anos [&hellip;]<\/p>\n","protected":false},"author":2,"featured_media":0,"parent":0,"menu_order":0,"comment_status":"open","ping_status":"open","template":"","meta":[],"_links":{"self":[{"href":"https:\/\/comissoes.ifbaiano.edu.br\/portal\/etica\/wp-json\/wp\/v2\/pages\/7"}],"collection":[{"href":"https:\/\/comissoes.ifbaiano.edu.br\/portal\/etica\/wp-json\/wp\/v2\/pages"}],"about":[{"href":"https:\/\/comissoes.ifbaiano.edu.br\/portal\/etica\/wp-json\/wp\/v2\/types\/page"}],"author":[{"embeddable":true,"href":"https:\/\/comissoes.ifbaiano.edu.br\/portal\/etica\/wp-json\/wp\/v2\/users\/2"}],"replies":[{"embeddable":true,"href":"https:\/\/comissoes.ifbaiano.edu.br\/portal\/etica\/wp-json\/wp\/v2\/comments?post=7"}],"version-history":[{"count":0,"href":"https:\/\/comissoes.ifbaiano.edu.br\/portal\/etica\/wp-json\/wp\/v2\/pages\/7\/revisions"}],"wp:attachment":[{"href":"https:\/\/comissoes.ifbaiano.edu.br\/portal\/etica\/wp-json\/wp\/v2\/media?parent=7"}],"curies":[{"name":"wp","href":"https:\/\/api.w.org\/{rel}","templated":true}]}}